{"id":253,"date":"2020-10-22T01:59:34","date_gmt":"2020-10-22T01:59:34","guid":{"rendered":"http:\/\/nestbioconstruccio.com\/index.php\/services\/"},"modified":"2022-01-21T13:05:57","modified_gmt":"2022-01-21T13:05:57","slug":"quienes-somos","status":"publish","type":"page","link":"https:\/\/nestbioconstruccio.com\/index.php\/quienes-somos\/","title":{"rendered":"Quienes somos"},"content":{"rendered":"\t\t<div data-elementor-type=\"wp-page\" data-elementor-id=\"253\" class=\"elementor elementor-253\">\n\t\t\t\t\t\t\t\t\t<section class=\"elementor-section elementor-top-section elementor-element elementor-element-d56bc46 elementor-section-boxed elementor-section-height-default elementor-section-height-default\" data-id=\"d56bc46\" data-element_type=\"section\" data-settings=\"{&quot;background_background&quot;:&quot;classic&quot;}\">\n\t\t\t\t\t\t<div class=\"elementor-container elementor-column-gap-no\">\n\t\t\t\t\t<div class=\"elementor-column elementor-col-100 elementor-top-column elementor-element elementor-element-09872ee\" data-id=\"09872ee\" data-element_type=\"column\">\n\t\t\t<div class=\"elementor-widget-wrap elementor-element-populated\">\n\t\t\t\t\t\t\t\t<div class=\"elementor-element elementor-element-2930d7e elementor-widget elementor-widget-heading\" data-id=\"2930d7e\" data-element_type=\"widget\" data-widget_type=\"heading.default\">\n\t\t\t\t<div class=\"elementor-widget-container\">\n\t\t\t<h1 class=\"elementor-heading-title elementor-size-default\">Qui\u00e9nes somos<\/h1>\t\t<\/div>\n\t\t\t\t<\/div>\n\t\t\t\t\t<\/div>\n\t\t<\/div>\n\t\t\t\t\t\t\t<\/div>\n\t\t<\/section>\n\t\t\t\t<section class=\"elementor-section elementor-top-section elementor-element elementor-element-2c4b2632 elementor-section-full_width elementor-hidden-tablet elementor-hidden-mobile elementor-section-height-default elementor-section-height-default\" data-id=\"2c4b2632\" data-element_type=\"section\">\n\t\t\t\t\t\t<div class=\"elementor-container elementor-column-gap-no\">\n\t\t\t\t\t<div class=\"elementor-column elementor-col-50 elementor-top-column elementor-element elementor-element-436df288\" data-id=\"436df288\" data-element_type=\"column\">\n\t\t\t<div class=\"elementor-widget-wrap elementor-element-populated\">\n\t\t\t\t\t\t\t\t<section class=\"elementor-section elementor-inner-section elementor-element elementor-element-462e6101 elementor-section-boxed elementor-section-height-default elementor-section-height-default\" data-id=\"462e6101\" data-element_type=\"section\" data-settings=\"{&quot;background_background&quot;:&quot;classic&quot;}\">\n\t\t\t\t\t\t<div class=\"elementor-container elementor-column-gap-default\">\n\t\t\t\t\t<div class=\"elementor-column elementor-col-100 elementor-inner-column elementor-element elementor-element-1283c429\" data-id=\"1283c429\" data-element_type=\"column\">\n\t\t\t<div class=\"elementor-widget-wrap elementor-element-populated\">\n\t\t\t\t\t\t\t\t<div class=\"elementor-element elementor-element-610745f8 elementor-widget elementor-widget-heading\" data-id=\"610745f8\" data-element_type=\"widget\" data-widget_type=\"heading.default\">\n\t\t\t\t<div class=\"elementor-widget-container\">\n\t\t\t<h1 class=\"elementor-heading-title elementor-size-default\">Edi y Jorge<\/h1>\t\t<\/div>\n\t\t\t\t<\/div>\n\t\t\t\t<div class=\"elementor-element elementor-element-6f5dcda5 elementor-widget__width-initial elementor-widget-tablet__width-initial elementor-widget elementor-widget-text-editor\" data-id=\"6f5dcda5\" data-element_type=\"widget\" data-widget_type=\"text-editor.default\">\n\t\t\t\t<div class=\"elementor-widget-container\">\n\t\t\t\t\t\t\t\t\t\t\t\t\t<\/div>\n\t\t\t\t<\/div>\n\t\t\t\t\t<\/div>\n\t\t<\/div>\n\t\t\t\t\t\t\t<\/div>\n\t\t<\/section>\n\t\t\t\t\t<\/div>\n\t\t<\/div>\n\t\t\t\t<div class=\"elementor-column elementor-col-50 elementor-top-column elementor-element elementor-element-42bf4f2e\" data-id=\"42bf4f2e\" data-element_type=\"column\">\n\t\t\t<div class=\"elementor-widget-wrap elementor-element-populated\">\n\t\t\t\t\t\t\t\t<div class=\"elementor-element elementor-element-ffcc84e elementor-widget__width-initial elementor-absolute elementor-widget-mobile__width-inherit elementor-widget elementor-widget-image\" data-id=\"ffcc84e\" data-element_type=\"widget\" data-settings=\"{&quot;_position&quot;:&quot;absolute&quot;}\" data-widget_type=\"image.default\">\n\t\t\t\t<div class=\"elementor-widget-container\">\n\t\t\t\t\t\t\t\t\t\t\t\t\t\t\t<img loading=\"lazy\" decoding=\"async\" width=\"2560\" height=\"1707\" src=\"https:\/\/nestbioconstruccio.com\/wp-content\/uploads\/2021\/07\/IMG_3533-scaled.jpg\" class=\"attachment-full size-full wp-image-638\" alt=\"\" srcset=\"https:\/\/nestbioconstruccio.com\/wp-content\/uploads\/2021\/07\/IMG_3533-scaled.jpg 2560w, https:\/\/nestbioconstruccio.com\/wp-content\/uploads\/2021\/07\/IMG_3533-300x200.jpg 300w, https:\/\/nestbioconstruccio.com\/wp-content\/uploads\/2021\/07\/IMG_3533-1024x683.jpg 1024w, https:\/\/nestbioconstruccio.com\/wp-content\/uploads\/2021\/07\/IMG_3533-768x512.jpg 768w, https:\/\/nestbioconstruccio.com\/wp-content\/uploads\/2021\/07\/IMG_3533-1536x1024.jpg 1536w, https:\/\/nestbioconstruccio.com\/wp-content\/uploads\/2021\/07\/IMG_3533-2048x1365.jpg 2048w\" sizes=\"auto, (max-width: 2560px) 100vw, 2560px\" \/>\t\t\t\t\t\t\t\t\t\t\t\t\t\t\t<\/div>\n\t\t\t\t<\/div>\n\t\t\t\t<div class=\"elementor-element elementor-element-1fc64128 elementor-widget__width-initial elementor-absolute elementor-widget-tablet__width-initial elementor-widget-mobile__width-inherit elementor-widget elementor-widget-spacer\" data-id=\"1fc64128\" data-element_type=\"widget\" data-settings=\"{&quot;_position&quot;:&quot;absolute&quot;}\" data-widget_type=\"spacer.default\">\n\t\t\t\t<div class=\"elementor-widget-container\">\n\t\t\t\t\t<div class=\"elementor-spacer\">\n\t\t\t<div class=\"elementor-spacer-inner\"><\/div>\n\t\t<\/div>\n\t\t\t\t<\/div>\n\t\t\t\t<\/div>\n\t\t\t\t\t<\/div>\n\t\t<\/div>\n\t\t\t\t\t\t\t<\/div>\n\t\t<\/section>\n\t\t\t\t<section class=\"elementor-section elementor-top-section elementor-element elementor-element-7ef7e89b elementor-section-full_width elementor-section-height-default elementor-section-height-default\" data-id=\"7ef7e89b\" data-element_type=\"section\">\n\t\t\t\t\t\t<div class=\"elementor-container elementor-column-gap-no\">\n\t\t\t\t\t<div class=\"elementor-column elementor-col-50 elementor-top-column elementor-element elementor-element-69e09b4b\" data-id=\"69e09b4b\" data-element_type=\"column\">\n\t\t\t<div class=\"elementor-widget-wrap elementor-element-populated\">\n\t\t\t\t\t\t\t\t<div class=\"elementor-element elementor-element-6353a45 elementor-widget__width-initial elementor-absolute elementor-widget elementor-widget-spacer\" data-id=\"6353a45\" data-element_type=\"widget\" data-settings=\"{&quot;_position&quot;:&quot;absolute&quot;}\" data-widget_type=\"spacer.default\">\n\t\t\t\t<div class=\"elementor-widget-container\">\n\t\t\t\t\t<div class=\"elementor-spacer\">\n\t\t\t<div class=\"elementor-spacer-inner\"><\/div>\n\t\t<\/div>\n\t\t\t\t<\/div>\n\t\t\t\t<\/div>\n\t\t\t\t<div class=\"elementor-element elementor-element-1d574a79 elementor-widget__width-initial elementor-absolute elementor-widget-tablet__width-initial elementor-widget-mobile__width-initial elementor-widget elementor-widget-image\" data-id=\"1d574a79\" data-element_type=\"widget\" data-settings=\"{&quot;_position&quot;:&quot;absolute&quot;}\" data-widget_type=\"image.default\">\n\t\t\t\t<div class=\"elementor-widget-container\">\n\t\t\t\t\t\t\t\t\t\t\t\t\t\t\t<img loading=\"lazy\" decoding=\"async\" width=\"1024\" height=\"683\" src=\"https:\/\/nestbioconstruccio.com\/wp-content\/uploads\/2021\/07\/IMG_3135-1024x683.jpg\" class=\"attachment-large size-large wp-image-631\" alt=\"\" srcset=\"https:\/\/nestbioconstruccio.com\/wp-content\/uploads\/2021\/07\/IMG_3135-1024x683.jpg 1024w, https:\/\/nestbioconstruccio.com\/wp-content\/uploads\/2021\/07\/IMG_3135-300x200.jpg 300w, https:\/\/nestbioconstruccio.com\/wp-content\/uploads\/2021\/07\/IMG_3135-768x512.jpg 768w, https:\/\/nestbioconstruccio.com\/wp-content\/uploads\/2021\/07\/IMG_3135-1536x1024.jpg 1536w, https:\/\/nestbioconstruccio.com\/wp-content\/uploads\/2021\/07\/IMG_3135-2048x1365.jpg 2048w\" sizes=\"auto, (max-width: 1024px) 100vw, 1024px\" \/>\t\t\t\t\t\t\t\t\t\t\t\t\t\t\t<\/div>\n\t\t\t\t<\/div>\n\t\t\t\t<div class=\"elementor-element elementor-element-541e91e0 elementor-widget__width-initial elementor-widget-tablet__width-initial elementor-absolute elementor-widget-mobile__width-initial elementor-widget elementor-widget-image\" data-id=\"541e91e0\" data-element_type=\"widget\" data-settings=\"{&quot;_position&quot;:&quot;absolute&quot;}\" data-widget_type=\"image.default\">\n\t\t\t\t<div class=\"elementor-widget-container\">\n\t\t\t\t\t\t\t\t\t\t\t\t\t\t\t<img loading=\"lazy\" decoding=\"async\" width=\"1024\" height=\"508\" src=\"https:\/\/nestbioconstruccio.com\/wp-content\/uploads\/2021\/07\/IMG_3576-1024x508.jpg\" class=\"attachment-large size-large wp-image-639\" alt=\"\" srcset=\"https:\/\/nestbioconstruccio.com\/wp-content\/uploads\/2021\/07\/IMG_3576-1024x508.jpg 1024w, https:\/\/nestbioconstruccio.com\/wp-content\/uploads\/2021\/07\/IMG_3576-300x149.jpg 300w, https:\/\/nestbioconstruccio.com\/wp-content\/uploads\/2021\/07\/IMG_3576-768x381.jpg 768w, https:\/\/nestbioconstruccio.com\/wp-content\/uploads\/2021\/07\/IMG_3576-1536x762.jpg 1536w, https:\/\/nestbioconstruccio.com\/wp-content\/uploads\/2021\/07\/IMG_3576-2048x1016.jpg 2048w\" sizes=\"auto, (max-width: 1024px) 100vw, 1024px\" \/>\t\t\t\t\t\t\t\t\t\t\t\t\t\t\t<\/div>\n\t\t\t\t<\/div>\n\t\t\t\t<div class=\"elementor-element elementor-element-69e5b1d1 elementor-widget__width-initial elementor-widget-tablet__width-initial elementor-absolute elementor-widget-mobile__width-initial elementor-widget elementor-widget-image\" data-id=\"69e5b1d1\" data-element_type=\"widget\" data-settings=\"{&quot;_position&quot;:&quot;absolute&quot;}\" data-widget_type=\"image.default\">\n\t\t\t\t<div class=\"elementor-widget-container\">\n\t\t\t\t\t\t\t\t\t\t\t\t\t\t\t<img loading=\"lazy\" decoding=\"async\" width=\"1024\" height=\"514\" src=\"https:\/\/nestbioconstruccio.com\/wp-content\/uploads\/2021\/07\/IMG_3094-1024x514.jpg\" class=\"attachment-large size-large wp-image-630\" alt=\"\" srcset=\"https:\/\/nestbioconstruccio.com\/wp-content\/uploads\/2021\/07\/IMG_3094-1024x514.jpg 1024w, https:\/\/nestbioconstruccio.com\/wp-content\/uploads\/2021\/07\/IMG_3094-300x151.jpg 300w, https:\/\/nestbioconstruccio.com\/wp-content\/uploads\/2021\/07\/IMG_3094-768x385.jpg 768w, https:\/\/nestbioconstruccio.com\/wp-content\/uploads\/2021\/07\/IMG_3094-1536x771.jpg 1536w, https:\/\/nestbioconstruccio.com\/wp-content\/uploads\/2021\/07\/IMG_3094-2048x1028.jpg 2048w\" sizes=\"auto, (max-width: 1024px) 100vw, 1024px\" \/>\t\t\t\t\t\t\t\t\t\t\t\t\t\t\t<\/div>\n\t\t\t\t<\/div>\n\t\t\t\t\t<\/div>\n\t\t<\/div>\n\t\t\t\t<div class=\"elementor-column elementor-col-50 elementor-top-column elementor-element elementor-element-5ed9952f\" data-id=\"5ed9952f\" data-element_type=\"column\">\n\t\t\t<div class=\"elementor-widget-wrap elementor-element-populated\">\n\t\t\t\t\t\t\t\t<div class=\"elementor-element elementor-element-4d7585e4 elementor-widget elementor-widget-heading\" data-id=\"4d7585e4\" data-element_type=\"widget\" data-widget_type=\"heading.default\">\n\t\t\t\t<div class=\"elementor-widget-container\">\n\t\t\t<h4 class=\"elementor-heading-title elementor-size-default\">Nuestra historia<\/h4>\t\t<\/div>\n\t\t\t\t<\/div>\n\t\t\t\t<div class=\"elementor-element elementor-element-2615aea elementor-widget elementor-widget-text-editor\" data-id=\"2615aea\" data-element_type=\"widget\" data-widget_type=\"text-editor.default\">\n\t\t\t\t<div class=\"elementor-widget-container\">\n\t\t\t\t\t\t\t<p><span style=\"font-weight: 400;\">Somos Edi y Jorge, socios desde hace 7 a\u00f1os de nuestra peque\u00f1a empresa ubicada en Mallorca. Aunque los dos somos de origen Colombiano, nos conocimos en Mallorca hace ya 13 a\u00f1os y hemos desarrollado muchos proyectos juntos.<\/span><\/p><p>\u00a0<\/p><p><span style=\"font-weight: 400;\">Tras una larga experiencia con m\u00e9todos constructivos convencionales, desde hace XXXX a\u00f1os nos hemos especializado tambi\u00e9n en Bioconstrucci\u00f3n. Podemos ejecutar un proyecto de este tipo de principio a fin: desde la preparaci\u00f3n del solar para recibir la estructura prefabricada, el montaje y la ejecuci\u00f3n de todos los detalles hasta la entrega de llaves final al cliente.<\/span><\/p><p>\u00a0<\/p><p><span style=\"font-weight: 400;\">Nos gusta aprender en cada proyecto de las aportaciones de los t\u00e9cnicos, adaptarnos y escuchar las necesidades de los propietarios. Para nosotros es muy importante nuestro equipo, generar un buen ambiente entre ellos y con todos los participantes en el proceso para que todos disfrutemos de algo tan especial para los propietarios, <\/span><b>el sue\u00f1o de construir su propio hogar.<\/b><\/p>\t\t\t\t\t\t<\/div>\n\t\t\t\t<\/div>\n\t\t\t\t\t<\/div>\n\t\t<\/div>\n\t\t\t\t\t\t\t<\/div>\n\t\t<\/section>\n\t\t\t\t<section class=\"elementor-section elementor-top-section elementor-element elementor-element-32cf41d elementor-section-boxed elementor-section-height-default elementor-section-height-default\" data-id=\"32cf41d\" data-element_type=\"section\">\n\t\t\t\t\t\t<div class=\"elementor-container elementor-column-gap-default\">\n\t\t\t\t\t<div class=\"elementor-column elementor-col-100 elementor-top-column elementor-element elementor-element-17b03b2 elementor-hidden-desktop\" data-id=\"17b03b2\" data-element_type=\"column\">\n\t\t\t<div class=\"elementor-widget-wrap elementor-element-populated\">\n\t\t\t\t\t\t\t\t<div class=\"elementor-element elementor-element-4fd0e4d elementor-widget elementor-widget-image\" data-id=\"4fd0e4d\" data-element_type=\"widget\" data-widget_type=\"image.default\">\n\t\t\t\t<div class=\"elementor-widget-container\">\n\t\t\t\t\t\t\t\t\t\t\t\t\t\t\t<img loading=\"lazy\" decoding=\"async\" width=\"1024\" height=\"683\" src=\"https:\/\/nestbioconstruccio.com\/wp-content\/uploads\/2021\/07\/IMG_3533-1024x683.jpg\" class=\"attachment-large size-large wp-image-638\" alt=\"\" srcset=\"https:\/\/nestbioconstruccio.com\/wp-content\/uploads\/2021\/07\/IMG_3533-1024x683.jpg 1024w, https:\/\/nestbioconstruccio.com\/wp-content\/uploads\/2021\/07\/IMG_3533-300x200.jpg 300w, https:\/\/nestbioconstruccio.com\/wp-content\/uploads\/2021\/07\/IMG_3533-768x512.jpg 768w, https:\/\/nestbioconstruccio.com\/wp-content\/uploads\/2021\/07\/IMG_3533-1536x1024.jpg 1536w, https:\/\/nestbioconstruccio.com\/wp-content\/uploads\/2021\/07\/IMG_3533-2048x1365.jpg 2048w\" sizes=\"auto, (max-width: 1024px) 100vw, 1024px\" \/>\t\t\t\t\t\t\t\t\t\t\t\t\t\t\t<\/div>\n\t\t\t\t<\/div>\n\t\t\t\t<div class=\"elementor-element elementor-element-fc4fdc8 elementor-widget elementor-widget-spacer\" data-id=\"fc4fdc8\" data-element_type=\"widget\" data-widget_type=\"spacer.default\">\n\t\t\t\t<div class=\"elementor-widget-container\">\n\t\t\t\t\t<div class=\"elementor-spacer\">\n\t\t\t<div class=\"elementor-spacer-inner\"><\/div>\n\t\t<\/div>\n\t\t\t\t<\/div>\n\t\t\t\t<\/div>\n\t\t\t\t\t<\/div>\n\t\t<\/div>\n\t\t\t\t\t\t\t<\/div>\n\t\t<\/section>\n\t\t\t\t\t\t\t<\/div>\n\t\t","protected":false},"excerpt":{"rendered":"<p>Qui\u00e9nes somos Edi y Jorge Nuestra historia Somos Edi y Jorge, socios desde hace 7 a\u00f1os de nuestra peque\u00f1a empresa ubicada en Mallorca. Aunque los dos somos de origen Colombiano, nos conocimos en Mallorca hace ya 13 a\u00f1os y hemos desarrollado muchos proyectos juntos. \u00a0 Tras una larga experiencia con m\u00e9todos constructivos convencionales, desde hace &hellip;<\/p>\n<p class=\"read-more\"> <a class=\"\" href=\"https:\/\/nestbioconstruccio.com\/index.php\/quienes-somos\/\"> <span class=\"screen-reader-text\">Quienes somos<\/span> Leer m\u00e1s &raquo;<\/a><\/p>\n","protected":false},"author":1,"featured_media":0,"parent":0,"menu_order":0,"comment_status":"closed","ping_status":"closed","template":"","meta":{"om_disable_all_campaigns":false,"_mi_skip_tracking":false,"_monsterinsights_sitenote_active":false,"_monsterinsights_sitenote_note":"","_monsterinsights_sitenote_category":0,"footnotes":""},"class_list":["post-253","page","type-page","status-publish","hentry"],"aioseo_notices":[],"_links":{"self":[{"href":"https:\/\/nestbioconstruccio.com\/index.php\/wp-json\/wp\/v2\/pages\/253","targetHints":{"allow":["GET"]}}],"collection":[{"href":"https:\/\/nestbioconstruccio.com\/index.php\/wp-json\/wp\/v2\/pages"}],"about":[{"href":"https:\/\/nestbioconstruccio.com\/index.php\/wp-json\/wp\/v2\/types\/page"}],"author":[{"embeddable":true,"href":"https:\/\/nestbioconstruccio.com\/index.php\/wp-json\/wp\/v2\/users\/1"}],"replies":[{"embeddable":true,"href":"https:\/\/nestbioconstruccio.com\/index.php\/wp-json\/wp\/v2\/comments?post=253"}],"version-history":[{"count":31,"href":"https:\/\/nestbioconstruccio.com\/index.php\/wp-json\/wp\/v2\/pages\/253\/revisions"}],"predecessor-version":[{"id":902,"href":"https:\/\/nestbioconstruccio.com\/index.php\/wp-json\/wp\/v2\/pages\/253\/revisions\/902"}],"wp:attachment":[{"href":"https:\/\/nestbioconstruccio.com\/index.php\/wp-json\/wp\/v2\/media?parent=253"}],"curies":[{"name":"wp","href":"https:\/\/api.w.org\/{rel}","templated":true}]}}